{"id":454,"date":"2019-02-28T14:58:47","date_gmt":"2019-02-28T13:58:47","guid":{"rendered":"https:\/\/balsgardfoodtech.se\/start\/"},"modified":"2022-11-07T15:15:50","modified_gmt":"2022-11-07T14:15:50","slug":"start","status":"publish","type":"page","link":"https:\/\/balsgardfoodtech.se\/en\/start\/","title":{"rendered":"Balsg\u00e5rd Foodtech"},"content":{"rendered":"<h4>About us<\/h4>\n<h2>Balsg\u00e5rd Foodtech<\/h2>\n<p class=\"p1\"><span class=\"s1\">We offer product- and process development, a pilot plant and small scale production as well as co-packing for plant-based beverages. <\/span><\/p>\n","protected":false},"excerpt":{"rendered":"<p>About us Balsg\u00e5rd Foodtech We offer product- and process development, a pilot plant and small scale production as well as co-packing for plant-based beverages.<\/p>\n","protected":false},"author":1,"featured_media":0,"parent":0,"menu_order":0,"comment_status":"closed","ping_status":"closed","template":"start.php","meta":{"_acf_changed":false,"_monsterinsights_skip_tracking":false,"_monsterinsights_sitenote_active":false,"_monsterinsights_sitenote_note":"","_monsterinsights_sitenote_category":0,"footnotes":""},"class_list":["post-454","page","type-page","status-publish","hentry"],"acf":[],"yoast_head":"<!-- This site is optimized with the Yoast SEO plugin v27.4 - https:\/\/yoast.com\/product\/yoast-seo-wordpress\/ -->\n<title>Start - Balsg\u00e5rd Foodtech<\/title>\n<meta name=\"description\" content=\"Balsg\u00e5rd Foodtech \u00e4r ett innovationscenter f\u00f6r utveckling av nya v\u00e4xtbaserade drycker och ny teknik f\u00f6r livsmedelsindustrin.\" \/>\n<meta name=\"robots\" content=\"index, follow, max-snippet:-1, max-image-preview:large, max-video-preview:-1\" \/>\n<link rel=\"canonical\" href=\"https:\/\/balsgardfoodtech.se\/en\/start\/\" \/>\n<meta property=\"og:locale\" content=\"en_US\" \/>\n<meta property=\"og:type\" content=\"article\" \/>\n<meta property=\"og:title\" content=\"Start - Balsg\u00e5rd Foodtech\" \/>\n<meta property=\"og:description\" content=\"Balsg\u00e5rd Foodtech \u00e4r ett innovationscenter f\u00f6r utveckling av nya v\u00e4xtbaserade drycker och ny teknik f\u00f6r livsmedelsindustrin.\" \/>\n<meta property=\"og:url\" content=\"https:\/\/balsgardfoodtech.se\/en\/start\/\" \/>\n<meta property=\"og:site_name\" content=\"Balsg\u00e5rd Foodtech\" \/>\n<meta property=\"article:modified_time\" content=\"2022-11-07T14:15:50+00:00\" \/>\n<meta name=\"twitter:card\" content=\"summary_large_image\" \/>\n<meta name=\"twitter:label1\" content=\"Est. reading time\" \/>\n\t<meta name=\"twitter:data1\" content=\"1 minute\" \/>\n<script type=\"application\/ld+json\" class=\"yoast-schema-graph\">{\"@context\":\"https:\\\/\\\/schema.org\",\"@graph\":[{\"@type\":\"WebPage\",\"@id\":\"https:\\\/\\\/balsgardfoodtech.se\\\/en\\\/start\\\/\",\"url\":\"https:\\\/\\\/balsgardfoodtech.se\\\/en\\\/start\\\/\",\"name\":\"Start - Balsg\u00e5rd Foodtech\",\"isPartOf\":{\"@id\":\"https:\\\/\\\/balsgardfoodtech.se\\\/en\\\/#website\"},\"datePublished\":\"2019-02-28T13:58:47+00:00\",\"dateModified\":\"2022-11-07T14:15:50+00:00\",\"description\":\"Balsg\u00e5rd Foodtech \u00e4r ett innovationscenter f\u00f6r utveckling av nya v\u00e4xtbaserade drycker och ny teknik f\u00f6r livsmedelsindustrin.\",\"breadcrumb\":{\"@id\":\"https:\\\/\\\/balsgardfoodtech.se\\\/en\\\/start\\\/#breadcrumb\"},\"inLanguage\":\"en-US\",\"potentialAction\":[{\"@type\":\"ReadAction\",\"target\":[\"https:\\\/\\\/balsgardfoodtech.se\\\/en\\\/start\\\/\"]}]},{\"@type\":\"BreadcrumbList\",\"@id\":\"https:\\\/\\\/balsgardfoodtech.se\\\/en\\\/start\\\/#breadcrumb\",\"itemListElement\":[{\"@type\":\"ListItem\",\"position\":1,\"name\":\"Hem\",\"item\":\"https:\\\/\\\/balsgardfoodtech.se\\\/en\\\/\"},{\"@type\":\"ListItem\",\"position\":2,\"name\":\"Balsg\u00e5rd Foodtech\"}]},{\"@type\":\"WebSite\",\"@id\":\"https:\\\/\\\/balsgardfoodtech.se\\\/en\\\/#website\",\"url\":\"https:\\\/\\\/balsgardfoodtech.se\\\/en\\\/\",\"name\":\"Balsg\u00e5rd Foodtech\",\"description\":\"Nyt\u00e4nk, ny teknik, nya livsmedel. Produktutveckling och support, vi hj\u00e4lper dig!\",\"potentialAction\":[{\"@type\":\"SearchAction\",\"target\":{\"@type\":\"EntryPoint\",\"urlTemplate\":\"https:\\\/\\\/balsgardfoodtech.se\\\/en\\\/?s={search_term_string}\"},\"query-input\":{\"@type\":\"PropertyValueSpecification\",\"valueRequired\":true,\"valueName\":\"search_term_string\"}}],\"inLanguage\":\"en-US\"}]}<\/script>\n<!-- \/ Yoast SEO plugin. -->","yoast_head_json":{"title":"Start - Balsg\u00e5rd Foodtech","description":"Balsg\u00e5rd Foodtech \u00e4r ett innovationscenter f\u00f6r utveckling av nya v\u00e4xtbaserade drycker och ny teknik f\u00f6r livsmedelsindustrin.","robots":{"index":"index","follow":"follow","max-snippet":"max-snippet:-1","max-image-preview":"max-image-preview:large","max-video-preview":"max-video-preview:-1"},"canonical":"https:\/\/balsgardfoodtech.se\/en\/start\/","og_locale":"en_US","og_type":"article","og_title":"Start - Balsg\u00e5rd Foodtech","og_description":"Balsg\u00e5rd Foodtech \u00e4r ett innovationscenter f\u00f6r utveckling av nya v\u00e4xtbaserade drycker och ny teknik f\u00f6r livsmedelsindustrin.","og_url":"https:\/\/balsgardfoodtech.se\/en\/start\/","og_site_name":"Balsg\u00e5rd Foodtech","article_modified_time":"2022-11-07T14:15:50+00:00","twitter_card":"summary_large_image","twitter_misc":{"Est. reading time":"1 minute"},"schema":{"@context":"https:\/\/schema.org","@graph":[{"@type":"WebPage","@id":"https:\/\/balsgardfoodtech.se\/en\/start\/","url":"https:\/\/balsgardfoodtech.se\/en\/start\/","name":"Start - Balsg\u00e5rd Foodtech","isPartOf":{"@id":"https:\/\/balsgardfoodtech.se\/en\/#website"},"datePublished":"2019-02-28T13:58:47+00:00","dateModified":"2022-11-07T14:15:50+00:00","description":"Balsg\u00e5rd Foodtech \u00e4r ett innovationscenter f\u00f6r utveckling av nya v\u00e4xtbaserade drycker och ny teknik f\u00f6r livsmedelsindustrin.","breadcrumb":{"@id":"https:\/\/balsgardfoodtech.se\/en\/start\/#breadcrumb"},"inLanguage":"en-US","potentialAction":[{"@type":"ReadAction","target":["https:\/\/balsgardfoodtech.se\/en\/start\/"]}]},{"@type":"BreadcrumbList","@id":"https:\/\/balsgardfoodtech.se\/en\/start\/#breadcrumb","itemListElement":[{"@type":"ListItem","position":1,"name":"Hem","item":"https:\/\/balsgardfoodtech.se\/en\/"},{"@type":"ListItem","position":2,"name":"Balsg\u00e5rd Foodtech"}]},{"@type":"WebSite","@id":"https:\/\/balsgardfoodtech.se\/en\/#website","url":"https:\/\/balsgardfoodtech.se\/en\/","name":"Balsg\u00e5rd Foodtech","description":"Nyt\u00e4nk, ny teknik, nya livsmedel. Produktutveckling och support, vi hj\u00e4lper dig!","potentialAction":[{"@type":"SearchAction","target":{"@type":"EntryPoint","urlTemplate":"https:\/\/balsgardfoodtech.se\/en\/?s={search_term_string}"},"query-input":{"@type":"PropertyValueSpecification","valueRequired":true,"valueName":"search_term_string"}}],"inLanguage":"en-US"}]}},"_links":{"self":[{"href":"https:\/\/balsgardfoodtech.se\/en\/wp-json\/wp\/v2\/pages\/454","targetHints":{"allow":["GET"]}}],"collection":[{"href":"https:\/\/balsgardfoodtech.se\/en\/wp-json\/wp\/v2\/pages"}],"about":[{"href":"https:\/\/balsgardfoodtech.se\/en\/wp-json\/wp\/v2\/types\/page"}],"author":[{"embeddable":true,"href":"https:\/\/balsgardfoodtech.se\/en\/wp-json\/wp\/v2\/users\/1"}],"replies":[{"embeddable":true,"href":"https:\/\/balsgardfoodtech.se\/en\/wp-json\/wp\/v2\/comments?post=454"}],"version-history":[{"count":0,"href":"https:\/\/balsgardfoodtech.se\/en\/wp-json\/wp\/v2\/pages\/454\/revisions"}],"wp:attachment":[{"href":"https:\/\/balsgardfoodtech.se\/en\/wp-json\/wp\/v2\/media?parent=454"}],"curies":[{"name":"wp","href":"https:\/\/api.w.org\/{rel}","templated":true}]}}