{"id":464,"date":"2019-03-19T14:58:22","date_gmt":"2019-03-19T13:58:22","guid":{"rendered":"https:\/\/balsgardfoodtech.se\/kontakta-oss\/"},"modified":"2022-11-07T12:35:18","modified_gmt":"2022-11-07T11:35:18","slug":"contact-us","status":"publish","type":"page","link":"https:\/\/balsgardfoodtech.se\/en\/contact-us\/","title":{"rendered":"Contact us"},"content":{"rendered":"","protected":false},"excerpt":{"rendered":"","protected":false},"author":1,"featured_media":0,"parent":0,"menu_order":0,"comment_status":"closed","ping_status":"closed","template":"","meta":{"_acf_changed":false,"_monsterinsights_skip_tracking":false,"_monsterinsights_sitenote_active":false,"_monsterinsights_sitenote_note":"","_monsterinsights_sitenote_category":0,"footnotes":""},"class_list":["post-464","page","type-page","status-publish","hentry"],"acf":[],"yoast_head":"<!-- This site is optimized with the Yoast SEO plugin v27.6 - https:\/\/yoast.com\/product\/yoast-seo-wordpress\/ -->\n<title>Contact us - Balsg\u00e5rd Foodtech<\/title>\n<meta name=\"description\" content=\"V\u00e4lkommen att kontakta oss f\u00f6r fortsatt diskussion om dina id\u00e9er, prisuppskattning och offerter.\" \/>\n<meta name=\"robots\" content=\"index, follow, max-snippet:-1, max-image-preview:large, max-video-preview:-1\" \/>\n<link rel=\"canonical\" href=\"https:\/\/balsgardfoodtech.se\/en\/contact-us\/\" \/>\n<meta property=\"og:locale\" content=\"en_US\" \/>\n<meta property=\"og:type\" content=\"article\" \/>\n<meta property=\"og:title\" content=\"Contact us - Balsg\u00e5rd Foodtech\" \/>\n<meta property=\"og:description\" content=\"V\u00e4lkommen att kontakta oss f\u00f6r fortsatt diskussion om dina id\u00e9er, prisuppskattning och offerter.\" \/>\n<meta property=\"og:url\" content=\"https:\/\/balsgardfoodtech.se\/en\/contact-us\/\" \/>\n<meta property=\"og:site_name\" content=\"Balsg\u00e5rd Foodtech\" \/>\n<meta property=\"article:modified_time\" content=\"2022-11-07T11:35:18+00:00\" \/>\n<meta name=\"twitter:card\" content=\"summary_large_image\" \/>\n<script type=\"application\/ld+json\" class=\"yoast-schema-graph\">{\"@context\":\"https:\\\/\\\/schema.org\",\"@graph\":[{\"@type\":\"WebPage\",\"@id\":\"https:\\\/\\\/balsgardfoodtech.se\\\/en\\\/contact-us\\\/\",\"url\":\"https:\\\/\\\/balsgardfoodtech.se\\\/en\\\/contact-us\\\/\",\"name\":\"Contact us - Balsg\u00e5rd Foodtech\",\"isPartOf\":{\"@id\":\"https:\\\/\\\/balsgardfoodtech.se\\\/en\\\/#website\"},\"datePublished\":\"2019-03-19T13:58:22+00:00\",\"dateModified\":\"2022-11-07T11:35:18+00:00\",\"description\":\"V\u00e4lkommen att kontakta oss f\u00f6r fortsatt diskussion om dina id\u00e9er, prisuppskattning och offerter.\",\"breadcrumb\":{\"@id\":\"https:\\\/\\\/balsgardfoodtech.se\\\/en\\\/contact-us\\\/#breadcrumb\"},\"inLanguage\":\"en-US\",\"potentialAction\":[{\"@type\":\"ReadAction\",\"target\":[\"https:\\\/\\\/balsgardfoodtech.se\\\/en\\\/contact-us\\\/\"]}]},{\"@type\":\"BreadcrumbList\",\"@id\":\"https:\\\/\\\/balsgardfoodtech.se\\\/en\\\/contact-us\\\/#breadcrumb\",\"itemListElement\":[{\"@type\":\"ListItem\",\"position\":1,\"name\":\"Hem\",\"item\":\"https:\\\/\\\/balsgardfoodtech.se\\\/en\\\/\"},{\"@type\":\"ListItem\",\"position\":2,\"name\":\"Contact us\"}]},{\"@type\":\"WebSite\",\"@id\":\"https:\\\/\\\/balsgardfoodtech.se\\\/en\\\/#website\",\"url\":\"https:\\\/\\\/balsgardfoodtech.se\\\/en\\\/\",\"name\":\"Balsg\u00e5rd Foodtech\",\"description\":\"Nyt\u00e4nk, ny teknik, nya livsmedel. Produktutveckling och support, vi hj\u00e4lper dig!\",\"potentialAction\":[{\"@type\":\"SearchAction\",\"target\":{\"@type\":\"EntryPoint\",\"urlTemplate\":\"https:\\\/\\\/balsgardfoodtech.se\\\/en\\\/?s={search_term_string}\"},\"query-input\":{\"@type\":\"PropertyValueSpecification\",\"valueRequired\":true,\"valueName\":\"search_term_string\"}}],\"inLanguage\":\"en-US\"}]}<\/script>\n<!-- \/ Yoast SEO plugin. -->","yoast_head_json":{"title":"Contact us - Balsg\u00e5rd Foodtech","description":"V\u00e4lkommen att kontakta oss f\u00f6r fortsatt diskussion om dina id\u00e9er, prisuppskattning och offerter.","robots":{"index":"index","follow":"follow","max-snippet":"max-snippet:-1","max-image-preview":"max-image-preview:large","max-video-preview":"max-video-preview:-1"},"canonical":"https:\/\/balsgardfoodtech.se\/en\/contact-us\/","og_locale":"en_US","og_type":"article","og_title":"Contact us - Balsg\u00e5rd Foodtech","og_description":"V\u00e4lkommen att kontakta oss f\u00f6r fortsatt diskussion om dina id\u00e9er, prisuppskattning och offerter.","og_url":"https:\/\/balsgardfoodtech.se\/en\/contact-us\/","og_site_name":"Balsg\u00e5rd Foodtech","article_modified_time":"2022-11-07T11:35:18+00:00","twitter_card":"summary_large_image","schema":{"@context":"https:\/\/schema.org","@graph":[{"@type":"WebPage","@id":"https:\/\/balsgardfoodtech.se\/en\/contact-us\/","url":"https:\/\/balsgardfoodtech.se\/en\/contact-us\/","name":"Contact us - Balsg\u00e5rd Foodtech","isPartOf":{"@id":"https:\/\/balsgardfoodtech.se\/en\/#website"},"datePublished":"2019-03-19T13:58:22+00:00","dateModified":"2022-11-07T11:35:18+00:00","description":"V\u00e4lkommen att kontakta oss f\u00f6r fortsatt diskussion om dina id\u00e9er, prisuppskattning och offerter.","breadcrumb":{"@id":"https:\/\/balsgardfoodtech.se\/en\/contact-us\/#breadcrumb"},"inLanguage":"en-US","potentialAction":[{"@type":"ReadAction","target":["https:\/\/balsgardfoodtech.se\/en\/contact-us\/"]}]},{"@type":"BreadcrumbList","@id":"https:\/\/balsgardfoodtech.se\/en\/contact-us\/#breadcrumb","itemListElement":[{"@type":"ListItem","position":1,"name":"Hem","item":"https:\/\/balsgardfoodtech.se\/en\/"},{"@type":"ListItem","position":2,"name":"Contact us"}]},{"@type":"WebSite","@id":"https:\/\/balsgardfoodtech.se\/en\/#website","url":"https:\/\/balsgardfoodtech.se\/en\/","name":"Balsg\u00e5rd Foodtech","description":"Nyt\u00e4nk, ny teknik, nya livsmedel. Produktutveckling och support, vi hj\u00e4lper dig!","potentialAction":[{"@type":"SearchAction","target":{"@type":"EntryPoint","urlTemplate":"https:\/\/balsgardfoodtech.se\/en\/?s={search_term_string}"},"query-input":{"@type":"PropertyValueSpecification","valueRequired":true,"valueName":"search_term_string"}}],"inLanguage":"en-US"}]}},"_links":{"self":[{"href":"https:\/\/balsgardfoodtech.se\/en\/wp-json\/wp\/v2\/pages\/464","targetHints":{"allow":["GET"]}}],"collection":[{"href":"https:\/\/balsgardfoodtech.se\/en\/wp-json\/wp\/v2\/pages"}],"about":[{"href":"https:\/\/balsgardfoodtech.se\/en\/wp-json\/wp\/v2\/types\/page"}],"author":[{"embeddable":true,"href":"https:\/\/balsgardfoodtech.se\/en\/wp-json\/wp\/v2\/users\/1"}],"replies":[{"embeddable":true,"href":"https:\/\/balsgardfoodtech.se\/en\/wp-json\/wp\/v2\/comments?post=464"}],"version-history":[{"count":0,"href":"https:\/\/balsgardfoodtech.se\/en\/wp-json\/wp\/v2\/pages\/464\/revisions"}],"wp:attachment":[{"href":"https:\/\/balsgardfoodtech.se\/en\/wp-json\/wp\/v2\/media?parent=464"}],"curies":[{"name":"wp","href":"https:\/\/api.w.org\/{rel}","templated":true}]}}