{"id":468,"date":"2019-03-19T14:50:40","date_gmt":"2019-03-19T13:50:40","guid":{"rendered":"https:\/\/balsgardfoodtech.se\/vara-tjanster\/"},"modified":"2022-11-07T15:16:20","modified_gmt":"2022-11-07T14:16:20","slug":"our-services","status":"publish","type":"page","link":"https:\/\/balsgardfoodtech.se\/en\/our-services\/","title":{"rendered":"Our services"},"content":{"rendered":"","protected":false},"excerpt":{"rendered":"","protected":false},"author":1,"featured_media":0,"parent":0,"menu_order":0,"comment_status":"closed","ping_status":"closed","template":"","meta":{"_acf_changed":false,"_monsterinsights_skip_tracking":false,"_monsterinsights_sitenote_active":false,"_monsterinsights_sitenote_note":"","_monsterinsights_sitenote_category":0,"footnotes":""},"class_list":["post-468","page","type-page","status-publish","hentry"],"acf":[],"yoast_head":"<!-- This site is optimized with the Yoast SEO plugin v27.4 - https:\/\/yoast.com\/product\/yoast-seo-wordpress\/ -->\n<title>Our services - Balsg\u00e5rd Foodtech<\/title>\n<meta name=\"description\" content=\"Vi har kompetens, utrustning och erbjuder tj\u00e4nster f\u00f6r bland annat produkt- och teknikutveckling f\u00f6r livsmedelstillverkning.\" \/>\n<meta name=\"robots\" content=\"index, follow, max-snippet:-1, max-image-preview:large, max-video-preview:-1\" \/>\n<link rel=\"canonical\" href=\"https:\/\/balsgardfoodtech.se\/en\/our-services\/\" \/>\n<meta property=\"og:locale\" content=\"en_US\" \/>\n<meta property=\"og:type\" content=\"article\" \/>\n<meta property=\"og:title\" content=\"Our services - Balsg\u00e5rd Foodtech\" \/>\n<meta property=\"og:description\" content=\"Vi har kompetens, utrustning och erbjuder tj\u00e4nster f\u00f6r bland annat produkt- och teknikutveckling f\u00f6r livsmedelstillverkning.\" \/>\n<meta property=\"og:url\" content=\"https:\/\/balsgardfoodtech.se\/en\/our-services\/\" \/>\n<meta property=\"og:site_name\" content=\"Balsg\u00e5rd Foodtech\" \/>\n<meta property=\"article:modified_time\" content=\"2022-11-07T14:16:20+00:00\" \/>\n<meta name=\"twitter:card\" content=\"summary_large_image\" \/>\n<script type=\"application\/ld+json\" class=\"yoast-schema-graph\">{\"@context\":\"https:\\\/\\\/schema.org\",\"@graph\":[{\"@type\":\"WebPage\",\"@id\":\"https:\\\/\\\/balsgardfoodtech.se\\\/en\\\/our-services\\\/\",\"url\":\"https:\\\/\\\/balsgardfoodtech.se\\\/en\\\/our-services\\\/\",\"name\":\"Our services - Balsg\u00e5rd Foodtech\",\"isPartOf\":{\"@id\":\"https:\\\/\\\/balsgardfoodtech.se\\\/en\\\/#website\"},\"datePublished\":\"2019-03-19T13:50:40+00:00\",\"dateModified\":\"2022-11-07T14:16:20+00:00\",\"description\":\"Vi har kompetens, utrustning och erbjuder tj\u00e4nster f\u00f6r bland annat produkt- och teknikutveckling f\u00f6r livsmedelstillverkning.\",\"breadcrumb\":{\"@id\":\"https:\\\/\\\/balsgardfoodtech.se\\\/en\\\/our-services\\\/#breadcrumb\"},\"inLanguage\":\"en-US\",\"potentialAction\":[{\"@type\":\"ReadAction\",\"target\":[\"https:\\\/\\\/balsgardfoodtech.se\\\/en\\\/our-services\\\/\"]}]},{\"@type\":\"BreadcrumbList\",\"@id\":\"https:\\\/\\\/balsgardfoodtech.se\\\/en\\\/our-services\\\/#breadcrumb\",\"itemListElement\":[{\"@type\":\"ListItem\",\"position\":1,\"name\":\"Hem\",\"item\":\"https:\\\/\\\/balsgardfoodtech.se\\\/en\\\/\"},{\"@type\":\"ListItem\",\"position\":2,\"name\":\"Our services\"}]},{\"@type\":\"WebSite\",\"@id\":\"https:\\\/\\\/balsgardfoodtech.se\\\/en\\\/#website\",\"url\":\"https:\\\/\\\/balsgardfoodtech.se\\\/en\\\/\",\"name\":\"Balsg\u00e5rd Foodtech\",\"description\":\"Nyt\u00e4nk, ny teknik, nya livsmedel. Produktutveckling och support, vi hj\u00e4lper dig!\",\"potentialAction\":[{\"@type\":\"SearchAction\",\"target\":{\"@type\":\"EntryPoint\",\"urlTemplate\":\"https:\\\/\\\/balsgardfoodtech.se\\\/en\\\/?s={search_term_string}\"},\"query-input\":{\"@type\":\"PropertyValueSpecification\",\"valueRequired\":true,\"valueName\":\"search_term_string\"}}],\"inLanguage\":\"en-US\"}]}<\/script>\n<!-- \/ Yoast SEO plugin. -->","yoast_head_json":{"title":"Our services - Balsg\u00e5rd Foodtech","description":"Vi har kompetens, utrustning och erbjuder tj\u00e4nster f\u00f6r bland annat produkt- och teknikutveckling f\u00f6r livsmedelstillverkning.","robots":{"index":"index","follow":"follow","max-snippet":"max-snippet:-1","max-image-preview":"max-image-preview:large","max-video-preview":"max-video-preview:-1"},"canonical":"https:\/\/balsgardfoodtech.se\/en\/our-services\/","og_locale":"en_US","og_type":"article","og_title":"Our services - Balsg\u00e5rd Foodtech","og_description":"Vi har kompetens, utrustning och erbjuder tj\u00e4nster f\u00f6r bland annat produkt- och teknikutveckling f\u00f6r livsmedelstillverkning.","og_url":"https:\/\/balsgardfoodtech.se\/en\/our-services\/","og_site_name":"Balsg\u00e5rd Foodtech","article_modified_time":"2022-11-07T14:16:20+00:00","twitter_card":"summary_large_image","schema":{"@context":"https:\/\/schema.org","@graph":[{"@type":"WebPage","@id":"https:\/\/balsgardfoodtech.se\/en\/our-services\/","url":"https:\/\/balsgardfoodtech.se\/en\/our-services\/","name":"Our services - Balsg\u00e5rd Foodtech","isPartOf":{"@id":"https:\/\/balsgardfoodtech.se\/en\/#website"},"datePublished":"2019-03-19T13:50:40+00:00","dateModified":"2022-11-07T14:16:20+00:00","description":"Vi har kompetens, utrustning och erbjuder tj\u00e4nster f\u00f6r bland annat produkt- och teknikutveckling f\u00f6r livsmedelstillverkning.","breadcrumb":{"@id":"https:\/\/balsgardfoodtech.se\/en\/our-services\/#breadcrumb"},"inLanguage":"en-US","potentialAction":[{"@type":"ReadAction","target":["https:\/\/balsgardfoodtech.se\/en\/our-services\/"]}]},{"@type":"BreadcrumbList","@id":"https:\/\/balsgardfoodtech.se\/en\/our-services\/#breadcrumb","itemListElement":[{"@type":"ListItem","position":1,"name":"Hem","item":"https:\/\/balsgardfoodtech.se\/en\/"},{"@type":"ListItem","position":2,"name":"Our services"}]},{"@type":"WebSite","@id":"https:\/\/balsgardfoodtech.se\/en\/#website","url":"https:\/\/balsgardfoodtech.se\/en\/","name":"Balsg\u00e5rd Foodtech","description":"Nyt\u00e4nk, ny teknik, nya livsmedel. Produktutveckling och support, vi hj\u00e4lper dig!","potentialAction":[{"@type":"SearchAction","target":{"@type":"EntryPoint","urlTemplate":"https:\/\/balsgardfoodtech.se\/en\/?s={search_term_string}"},"query-input":{"@type":"PropertyValueSpecification","valueRequired":true,"valueName":"search_term_string"}}],"inLanguage":"en-US"}]}},"_links":{"self":[{"href":"https:\/\/balsgardfoodtech.se\/en\/wp-json\/wp\/v2\/pages\/468","targetHints":{"allow":["GET"]}}],"collection":[{"href":"https:\/\/balsgardfoodtech.se\/en\/wp-json\/wp\/v2\/pages"}],"about":[{"href":"https:\/\/balsgardfoodtech.se\/en\/wp-json\/wp\/v2\/types\/page"}],"author":[{"embeddable":true,"href":"https:\/\/balsgardfoodtech.se\/en\/wp-json\/wp\/v2\/users\/1"}],"replies":[{"embeddable":true,"href":"https:\/\/balsgardfoodtech.se\/en\/wp-json\/wp\/v2\/comments?post=468"}],"version-history":[{"count":0,"href":"https:\/\/balsgardfoodtech.se\/en\/wp-json\/wp\/v2\/pages\/468\/revisions"}],"wp:attachment":[{"href":"https:\/\/balsgardfoodtech.se\/en\/wp-json\/wp\/v2\/media?parent=468"}],"curies":[{"name":"wp","href":"https:\/\/api.w.org\/{rel}","templated":true}]}}